{"id":2,"date":"2012-10-29T15:55:43","date_gmt":"2012-10-29T14:55:43","guid":{"rendered":"http:\/\/britishlegend.com\/?page_id=2"},"modified":"2012-10-29T17:48:12","modified_gmt":"2012-10-29T16:48:12","slug":"le-groupe","status":"publish","type":"page","link":"https:\/\/britishlegend.com\/","title":{"rendered":"Le groupe"},"content":{"rendered":"<table style=\"font-family: Century Gothic;font-size:12px\">\n<tbody>\n<tr>\n<td style=\"vertical-align: top; text-align: center;\"><a href=\"http:\/\/britishlegend.com\/wp-content\/uploads\/2012\/10\/photo_groupe_small.jpg\"><img loading=\"lazy\" decoding=\"async\" class=\"wp-image-53 alignleft\" style=\"margin-right: 20px;\" title=\"British Legend\" src=\"http:\/\/britishlegend.com\/wp-content\/uploads\/2012\/10\/photo_groupe_small.jpg\" alt=\"British Legend\" width=\"313\" height=\"466\" \/><\/a><\/td>\n<td style=\"vertical-align: top; text-align: justify;\">British Legend est un groupe form\u00e9 de quatre musiciens chanteurs issus de deux tribute band, un cover Beatles : The Leatles et un cover Rolling Stones : Midnight Ramblers, ex-Starfuckers.<br \/>\nLeur passion pour la musique des sixties, sp\u00e9cialement pour les Fab Four ainsi que pour Mick Jagger et ses acolytes, les unit.<br \/>\nSur des instruments d\u2019\u00e9poque: Rickenbaker, H\u00f6fner, Epiphone, Ludwig, ils donnent le meilleur d\u2019eux-m\u00eames dans le but de recr\u00e9er l\u2019atmosph\u00e8re des 60\u2019s et de rendre hommage \u00e0 leurs deux groupes favoris.<br \/>\n\u00abQuand ils jouent ensemble, l\u2019Alchimie s\u2019op\u00e8re.\u00bb<br \/>\n<strong>Pierre-Yves<\/strong> (guitare) et <strong>Christophe<\/strong> (batterie) apportent leur duo Lennon-McCartney, <strong>Thierry<\/strong> (guitare), la touche Stones avec la voix de Mick Jagger, enfin <strong>Thierry <\/strong>(basse), chanteur classique, vient ajouter son timbre aux polyphonies du groupe.<\/p>\n<ul>\n<li>L\u2019atmosph\u00e8re des Sixties dans votre \u00e9tablissement : Club, Discoth\u00e8que, Bar, Restaurant, H\u00f4tel.<\/li>\n<li>La musique des deux plus grands groupes du Swinging London sur la sc\u00e8ne de votre Festival, Gala, Plateau spectacle, Concert, F\u00eate de plein air, Foire.<\/li>\n<li>Quatre musiciens pour votre Soir\u00e9e priv\u00e9e, Ev\u00e9nement d\u2019entreprise, Congr\u00e8s, Anniversaire, Mariage.<\/li>\n<\/ul>\n<\/td>\n<\/tr>\n<\/tbody>\n<\/table>\n","protected":false},"excerpt":{"rendered":"<p>British Legend est un groupe form\u00e9 de quatre musiciens chanteurs issus de deux tribute band, un cover Beatles : The Leatles et un cover Rolling Stones : Midnight Ramblers, ex-Starfuckers. Leur passion pour la musique des sixties, sp\u00e9cialement pour les Fab Four ainsi que pour Mick Jagger et ses acolytes, les unit. Sur des instruments [&hellip;]<\/p>\n","protected":false},"author":1,"featured_media":0,"parent":0,"menu_order":0,"comment_status":"open","ping_status":"closed","template":"","meta":{"footnotes":""},"class_list":["post-2","page","type-page","status-publish","hentry"],"jetpack_sharing_enabled":true,"_links":{"self":[{"href":"https:\/\/britishlegend.com\/index.php?rest_route=\/wp\/v2\/pages\/2","targetHints":{"allow":["GET"]}}],"collection":[{"href":"https:\/\/britishlegend.com\/index.php?rest_route=\/wp\/v2\/pages"}],"about":[{"href":"https:\/\/britishlegend.com\/index.php?rest_route=\/wp\/v2\/types\/page"}],"author":[{"embeddable":true,"href":"https:\/\/britishlegend.com\/index.php?rest_route=\/wp\/v2\/users\/1"}],"replies":[{"embeddable":true,"href":"https:\/\/britishlegend.com\/index.php?rest_route=%2Fwp%2Fv2%2Fcomments&post=2"}],"version-history":[{"count":14,"href":"https:\/\/britishlegend.com\/index.php?rest_route=\/wp\/v2\/pages\/2\/revisions"}],"predecessor-version":[{"id":54,"href":"https:\/\/britishlegend.com\/index.php?rest_route=\/wp\/v2\/pages\/2\/revisions\/54"}],"wp:attachment":[{"href":"https:\/\/britishlegend.com\/index.php?rest_route=%2Fwp%2Fv2%2Fmedia&parent=2"}],"curies":[{"name":"wp","href":"https:\/\/api.w.org\/{rel}","templated":true}]}}